{"id":627,"date":"2024-02-19T17:35:48","date_gmt":"2024-02-19T16:35:48","guid":{"rendered":"https:\/\/agenciaphotogenic.com\/web\/?page_id=627"},"modified":"2024-02-19T17:36:18","modified_gmt":"2024-02-19T16:36:18","slug":"aviso-legal","status":"publish","type":"page","link":"https:\/\/agenciaphotogenic.com\/web\/aviso-legal\/","title":{"rendered":"Aviso Legal"},"content":{"rendered":"\t\t<div data-elementor-type=\"wp-page\" data-elementor-id=\"627\" class=\"elementor elementor-627\" data-elementor-post-type=\"page\">\n\t\t\t\t<div class=\"elementor-element elementor-element-9120c9d e-flex e-con-boxed e-con e-parent\" data-id=\"9120c9d\" data-element_type=\"container\">\n\t\t\t\t\t<div class=\"e-con-inner\">\n\t\t\t\t<div class=\"elementor-element elementor-element-432c1736 elementor-widget elementor-widget-text-editor\" data-id=\"432c1736\" data-element_type=\"widget\" data-widget_type=\"text-editor.default\">\n\t\t\t\t<div class=\"elementor-widget-container\">\n\t\t\t\t\t\t\t\t\t<h3><strong>AVISO LEGAL<\/strong><\/h3><p>En cumplimiento con el deber de informaci\u00f3n recogido en art\u00edculo 10 de la Ley 34\/2002, de 11 de julio, de Servicios de la Sociedad de la Informaci\u00f3n y del Comercio Electr\u00f3nico (LSSICE), el propietario de la web , le informa de lo siguiente:<\/p><ul><li>Denominaci\u00f3n social: PHOTOGENIC AGENCIA GR\u00c1FICA S.L.<\/li><li>NIF: B47684030<\/li><li>Domicilio: CALLE JUAN PONCE DE EL\u00d3N 5, 47195 ARROYO DE LA ENCOMIENDA<\/li><\/ul><p>Con los l\u00edmites establecidos en la ley, PHOTOGENIC AGENCIA GR\u00c1FICA S.L. no asume ninguna responsabilidad derivada de la falta de veracidad, integridad, actualizaci\u00f3n y precisi\u00f3n de los datos o informaciones que contienen sus p\u00e1ginas web.<\/p><p>Los contenidos e informaci\u00f3n no vinculan a PHOTOGENIC AGENCIA GR\u00c1FICA S.L. ni constituyen opiniones, consejos o asesoramiento legal de ning\u00fan tipo pues se trata meramente de un servicio ofrecido con car\u00e1cter informativo y divulgativo.<\/p><p>Las p\u00e1ginas de Internet de PHOTOGENIC AGENCIA GR\u00c1FICA S.L. pueden contener enlaces (links) a otras p\u00e1ginas de terceras partes que PHOTOGENIC AGENCIA GR\u00c1FICA S.L. no puede controlar. Por lo tanto, PHOTOGENIC AGENCIA GR\u00c1FICA S.L. no puede asumir responsabilidades por el contenido que pueda aparecer en p\u00e1ginas de terceros.<\/p><p>Los textos, im\u00e1genes, sonidos, animaciones, software y el resto de contenidos incluidos en este website son propiedad exclusiva de PHOTOGENIC AGENCIA GR\u00c1FICA S.L. S.L o sus licenciantes. Cualquier acto de transmisi\u00f3n, distribuci\u00f3n, cesi\u00f3n, reproducci\u00f3n, almacenamiento o comunicaci\u00f3n p\u00fablica total o parcial, deber\u00e1 contar con el consentimiento expreso de PHOTOGENIC AGENCIA GR\u00c1FICA S.L.<\/p><p>Asimismo, para acceder a algunos de los servicios que PHOTOGENIC AGENCIA GR\u00c1FICA S.L.X ofrece a trav\u00e9s del sitio web, deber\u00e1 proporcionar algunos datos de car\u00e1cter personal. En cumplimiento de lo establecido en el Reglamento (UE) 2016\/679 del Parlamento Europeo y del Consejo, de 27 de abril de 2016, relativo a la protecci\u00f3n de las personas f\u00edsicas en lo que respecta al tratamiento de datos personales y a la libre circulaci\u00f3n de estos datos le informamos que, mediante la cumplimentaci\u00f3n de los presentes formularios, sus datos personales quedar\u00e1n incorporados y ser\u00e1n tratados en los ficheros de PHOTOGENIC AGENCIA GR\u00c1FICA S.L. con el fin de poderle prestar y ofrecer nuestros servicios as\u00ed como para informarle de las mejoras del sitio Web.<\/p><p>Le informamos tambi\u00e9n de que tendr\u00e1 la posibilidad en todo momento de ejercer los derechos de acceso, rectificaci\u00f3n, cancelaci\u00f3n, oposici\u00f3n, limitaci\u00f3n y portabilidad de sus datos de car\u00e1cter personal, de manera gratuita mediante email a: INFO@AGENCIAPHOTOGENIC.COM o en la direcci\u00f3n: WWW.AGENCIAPHOTOGENIC.COM<\/p>\t\t\t\t\t\t\t\t<\/div>\n\t\t\t\t<\/div>\n\t\t\t\t\t<\/div>\n\t\t\t\t<\/div>\n\t\t\t\t<\/div>\n\t\t","protected":false},"excerpt":{"rendered":"<p>AVISO LEGAL En cumplimiento con el deber de informaci\u00f3n recogido en art\u00edculo 10 de la Ley 34\/2002, de 11 de julio, de Servicios de la Sociedad de la Informaci\u00f3n y del Comercio Electr\u00f3nico (LSSICE), el propietario de la web , le informa de lo siguiente: Denominaci\u00f3n social: PHOTOGENIC AGENCIA GR\u00c1FICA S.L. NIF: B47684030 Domicilio: CALLE [&hellip;]<\/p>\n","protected":false},"author":1,"featured_media":0,"parent":0,"menu_order":0,"comment_status":"closed","ping_status":"closed","template":"","meta":{"footnotes":""},"class_list":["post-627","page","type-page","status-publish","hentry"],"yoast_head":"<!-- This site is optimized with the Yoast SEO plugin v26.8 - https:\/\/yoast.com\/product\/yoast-seo-wordpress\/ -->\n<title>Aviso Legal - Fot\u00f3grafos en Valladolid - Photogenic Agencia Gr\u00e1fica<\/title>\n<meta name=\"robots\" content=\"index, follow, max-snippet:-1, max-image-preview:large, max-video-preview:-1\" \/>\n<link rel=\"canonical\" href=\"https:\/\/agenciaphotogenic.com\/web\/aviso-legal\/\" \/>\n<meta property=\"og:locale\" content=\"es_ES\" \/>\n<meta property=\"og:type\" content=\"article\" \/>\n<meta property=\"og:title\" content=\"Aviso Legal - Fot\u00f3grafos en Valladolid - Photogenic Agencia Gr\u00e1fica\" \/>\n<meta property=\"og:description\" content=\"AVISO LEGAL En cumplimiento con el deber de informaci\u00f3n recogido en art\u00edculo 10 de la Ley 34\/2002, de 11 de julio, de Servicios de la Sociedad de la Informaci\u00f3n y del Comercio Electr\u00f3nico (LSSICE), el propietario de la web , le informa de lo siguiente: Denominaci\u00f3n social: PHOTOGENIC AGENCIA GR\u00c1FICA S.L. NIF: B47684030 Domicilio: CALLE [&hellip;]\" \/>\n<meta property=\"og:url\" content=\"https:\/\/agenciaphotogenic.com\/web\/aviso-legal\/\" \/>\n<meta property=\"og:site_name\" content=\"Fot\u00f3grafos en Valladolid - Photogenic Agencia Gr\u00e1fica\" \/>\n<meta property=\"article:modified_time\" content=\"2024-02-19T16:36:18+00:00\" \/>\n<meta name=\"twitter:card\" content=\"summary_large_image\" \/>\n<meta name=\"twitter:label1\" content=\"Tiempo de lectura\" \/>\n\t<meta name=\"twitter:data1\" content=\"2 minutos\" \/>\n<script type=\"application\/ld+json\" class=\"yoast-schema-graph\">{\"@context\":\"https:\/\/schema.org\",\"@graph\":[{\"@type\":\"WebPage\",\"@id\":\"https:\/\/agenciaphotogenic.com\/web\/aviso-legal\/\",\"url\":\"https:\/\/agenciaphotogenic.com\/web\/aviso-legal\/\",\"name\":\"Aviso Legal - Fot\u00f3grafos en Valladolid - Photogenic Agencia Gr\u00e1fica\",\"isPartOf\":{\"@id\":\"https:\/\/agenciaphotogenic.com\/web\/#website\"},\"datePublished\":\"2024-02-19T16:35:48+00:00\",\"dateModified\":\"2024-02-19T16:36:18+00:00\",\"breadcrumb\":{\"@id\":\"https:\/\/agenciaphotogenic.com\/web\/aviso-legal\/#breadcrumb\"},\"inLanguage\":\"es\",\"potentialAction\":[{\"@type\":\"ReadAction\",\"target\":[\"https:\/\/agenciaphotogenic.com\/web\/aviso-legal\/\"]}]},{\"@type\":\"BreadcrumbList\",\"@id\":\"https:\/\/agenciaphotogenic.com\/web\/aviso-legal\/#breadcrumb\",\"itemListElement\":[{\"@type\":\"ListItem\",\"position\":1,\"name\":\"Portada\",\"item\":\"https:\/\/agenciaphotogenic.com\/web\/\"},{\"@type\":\"ListItem\",\"position\":2,\"name\":\"Aviso Legal\"}]},{\"@type\":\"WebSite\",\"@id\":\"https:\/\/agenciaphotogenic.com\/web\/#website\",\"url\":\"https:\/\/agenciaphotogenic.com\/web\/\",\"name\":\"Fot\u00f3grafos en Valladolid - Photogenic Agencia Gr\u00e1fica\",\"description\":\"Fot\u00f3grafos en Valladolid. Photogenic es una empresa formada por fot\u00f3grafos que ofrece servicios de prensa, deportes, bodas, y eventos\",\"publisher\":{\"@id\":\"https:\/\/agenciaphotogenic.com\/web\/#organization\"},\"potentialAction\":[{\"@type\":\"SearchAction\",\"target\":{\"@type\":\"EntryPoint\",\"urlTemplate\":\"https:\/\/agenciaphotogenic.com\/web\/?s={search_term_string}\"},\"query-input\":{\"@type\":\"PropertyValueSpecification\",\"valueRequired\":true,\"valueName\":\"search_term_string\"}}],\"inLanguage\":\"es\"},{\"@type\":\"Organization\",\"@id\":\"https:\/\/agenciaphotogenic.com\/web\/#organization\",\"name\":\"Fot\u00f3grafos en Valladolid - Photogenic Agencia Gr\u00e1fica\",\"url\":\"https:\/\/agenciaphotogenic.com\/web\/\",\"logo\":{\"@type\":\"ImageObject\",\"inLanguage\":\"es\",\"@id\":\"https:\/\/agenciaphotogenic.com\/web\/#\/schema\/logo\/image\/\",\"url\":\"https:\/\/agenciaphotogenic.com\/web\/wp-content\/uploads\/logo-blanco.png\",\"contentUrl\":\"https:\/\/agenciaphotogenic.com\/web\/wp-content\/uploads\/logo-blanco.png\",\"width\":1200,\"height\":300,\"caption\":\"Fot\u00f3grafos en Valladolid - Photogenic Agencia Gr\u00e1fica\"},\"image\":{\"@id\":\"https:\/\/agenciaphotogenic.com\/web\/#\/schema\/logo\/image\/\"}}]}<\/script>\n<!-- \/ Yoast SEO plugin. -->","yoast_head_json":{"title":"Aviso Legal - Fot\u00f3grafos en Valladolid - Photogenic Agencia Gr\u00e1fica","robots":{"index":"index","follow":"follow","max-snippet":"max-snippet:-1","max-image-preview":"max-image-preview:large","max-video-preview":"max-video-preview:-1"},"canonical":"https:\/\/agenciaphotogenic.com\/web\/aviso-legal\/","og_locale":"es_ES","og_type":"article","og_title":"Aviso Legal - Fot\u00f3grafos en Valladolid - Photogenic Agencia Gr\u00e1fica","og_description":"AVISO LEGAL En cumplimiento con el deber de informaci\u00f3n recogido en art\u00edculo 10 de la Ley 34\/2002, de 11 de julio, de Servicios de la Sociedad de la Informaci\u00f3n y del Comercio Electr\u00f3nico (LSSICE), el propietario de la web , le informa de lo siguiente: Denominaci\u00f3n social: PHOTOGENIC AGENCIA GR\u00c1FICA S.L. NIF: B47684030 Domicilio: CALLE [&hellip;]","og_url":"https:\/\/agenciaphotogenic.com\/web\/aviso-legal\/","og_site_name":"Fot\u00f3grafos en Valladolid - Photogenic Agencia Gr\u00e1fica","article_modified_time":"2024-02-19T16:36:18+00:00","twitter_card":"summary_large_image","twitter_misc":{"Tiempo de lectura":"2 minutos"},"schema":{"@context":"https:\/\/schema.org","@graph":[{"@type":"WebPage","@id":"https:\/\/agenciaphotogenic.com\/web\/aviso-legal\/","url":"https:\/\/agenciaphotogenic.com\/web\/aviso-legal\/","name":"Aviso Legal - Fot\u00f3grafos en Valladolid - Photogenic Agencia Gr\u00e1fica","isPartOf":{"@id":"https:\/\/agenciaphotogenic.com\/web\/#website"},"datePublished":"2024-02-19T16:35:48+00:00","dateModified":"2024-02-19T16:36:18+00:00","breadcrumb":{"@id":"https:\/\/agenciaphotogenic.com\/web\/aviso-legal\/#breadcrumb"},"inLanguage":"es","potentialAction":[{"@type":"ReadAction","target":["https:\/\/agenciaphotogenic.com\/web\/aviso-legal\/"]}]},{"@type":"BreadcrumbList","@id":"https:\/\/agenciaphotogenic.com\/web\/aviso-legal\/#breadcrumb","itemListElement":[{"@type":"ListItem","position":1,"name":"Portada","item":"https:\/\/agenciaphotogenic.com\/web\/"},{"@type":"ListItem","position":2,"name":"Aviso Legal"}]},{"@type":"WebSite","@id":"https:\/\/agenciaphotogenic.com\/web\/#website","url":"https:\/\/agenciaphotogenic.com\/web\/","name":"Fot\u00f3grafos en Valladolid - Photogenic Agencia Gr\u00e1fica","description":"Fot\u00f3grafos en Valladolid. Photogenic es una empresa formada por fot\u00f3grafos que ofrece servicios de prensa, deportes, bodas, y eventos","publisher":{"@id":"https:\/\/agenciaphotogenic.com\/web\/#organization"},"potentialAction":[{"@type":"SearchAction","target":{"@type":"EntryPoint","urlTemplate":"https:\/\/agenciaphotogenic.com\/web\/?s={search_term_string}"},"query-input":{"@type":"PropertyValueSpecification","valueRequired":true,"valueName":"search_term_string"}}],"inLanguage":"es"},{"@type":"Organization","@id":"https:\/\/agenciaphotogenic.com\/web\/#organization","name":"Fot\u00f3grafos en Valladolid - Photogenic Agencia Gr\u00e1fica","url":"https:\/\/agenciaphotogenic.com\/web\/","logo":{"@type":"ImageObject","inLanguage":"es","@id":"https:\/\/agenciaphotogenic.com\/web\/#\/schema\/logo\/image\/","url":"https:\/\/agenciaphotogenic.com\/web\/wp-content\/uploads\/logo-blanco.png","contentUrl":"https:\/\/agenciaphotogenic.com\/web\/wp-content\/uploads\/logo-blanco.png","width":1200,"height":300,"caption":"Fot\u00f3grafos en Valladolid - Photogenic Agencia Gr\u00e1fica"},"image":{"@id":"https:\/\/agenciaphotogenic.com\/web\/#\/schema\/logo\/image\/"}}]}},"_links":{"self":[{"href":"https:\/\/agenciaphotogenic.com\/web\/wp-json\/wp\/v2\/pages\/627","targetHints":{"allow":["GET"]}}],"collection":[{"href":"https:\/\/agenciaphotogenic.com\/web\/wp-json\/wp\/v2\/pages"}],"about":[{"href":"https:\/\/agenciaphotogenic.com\/web\/wp-json\/wp\/v2\/types\/page"}],"author":[{"embeddable":true,"href":"https:\/\/agenciaphotogenic.com\/web\/wp-json\/wp\/v2\/users\/1"}],"replies":[{"embeddable":true,"href":"https:\/\/agenciaphotogenic.com\/web\/wp-json\/wp\/v2\/comments?post=627"}],"version-history":[{"count":4,"href":"https:\/\/agenciaphotogenic.com\/web\/wp-json\/wp\/v2\/pages\/627\/revisions"}],"predecessor-version":[{"id":631,"href":"https:\/\/agenciaphotogenic.com\/web\/wp-json\/wp\/v2\/pages\/627\/revisions\/631"}],"wp:attachment":[{"href":"https:\/\/agenciaphotogenic.com\/web\/wp-json\/wp\/v2\/media?parent=627"}],"curies":[{"name":"wp","href":"https:\/\/api.w.org\/{rel}","templated":true}]}}